{"id":18,"date":"2015-02-12T17:26:25","date_gmt":"2015-02-12T17:26:25","guid":{"rendered":"https:\/\/ordizia.net\/?page_id=18"},"modified":"2015-02-12T17:26:25","modified_gmt":"2015-02-12T17:26:25","slug":"principios-programaticos-irabazi-euskadi","status":"publish","type":"page","link":"https:\/\/ordizia.net\/eu\/principios-programaticos-irabazi-euskadi\/","title":{"rendered":"Principios Programaticos IRABAZI EUSKADI"},"content":{"rendered":"<p align=\"JUSTIFY\">Queremos una sociedad donde podamos desarrollar nuestras vidas con dignidad, de manera m\u00e1s libre e igualitaria. Sin embargo en los \u00faltimos a\u00f1os padecemos unas pol\u00edticas que acrecientan el sufrimiento y la injusticia social, y esto est\u00e1 sucediendo, con muy pocas diferencias, en instituciones gobernadas por los partidos mayoritarios.<\/p>\n<p align=\"JUSTIFY\">Las organizaciones abajo firmantes creemos que existen alternativas desde la justicia social y ambiental, que el futuro se puede construir de otra manera. Por eso nos comprometemos a impulsar, en todos los ayuntamientos y territorios donde sea posible, alternativas transformadoras sobre las siguientes bases:<\/p>\n<p align=\"JUSTIFY\">&#8211; Transparencia y participaci\u00f3n ciudadana frente a los abusos de Poder. Informaci\u00f3n p\u00fablica detallada sobre puestos y salarios, ejecuci\u00f3n presupuestaria, receptores de subvenciones, adjudicaciones y modificaciones de contratos p\u00fablicos. Auditor\u00eda de deuda, duplicidades, despilfarros y privilegios. Presupuestos participativos, consejos de participaci\u00f3n ciudadana y consultas vinculantes a la ciudadan\u00eda en los temas clave. Sueldos p\u00fablicos austeros, ligados a la mejora del salario medio del conjunto de la sociedad. C\u00f3digo \u00e9tico para las personas en puestos de representaci\u00f3n p\u00fablica.<\/p>\n<p align=\"JUSTIFY\">&#8211; Reparto del trabajo frente al paro y la precariedad, promoviendo la reducci\u00f3n generalizada de la jornada laboral. Reparto equitativo del trabajo de cuidados.<\/p>\n<p align=\"JUSTIFY\">&#8211; Reparto de la riqueza, a trav\u00e9s de reformas fiscales que acaben con los privilegios de las rentas del capital frente al esfuerzo del trabajo en el sistema tributario. Lucha activa contra el fraude fiscal. Promover las redes de econom\u00eda social y de la econom\u00eda del bien com\u00fan (banca \u00e9tica, comercio justo, cooperativas de inserci\u00f3n\u2026)<\/p>\n<p align=\"JUSTIFY\">&#8211; Garantizar los derechos sociales con servicios y prestaciones dignos que permitan hacer frente a la pobreza, la exclusi\u00f3n, la dependencia y posibiliten la conciliaci\u00f3n de la vida laboral y familiar. Defender los servicios p\u00fablicos universales, sin discriminaciones, evitando las listas de espera y el copago por medio de una gesti\u00f3n eficiente sin \u00e1nimo de lucro. Apostar por el municipalismo mediante intervenciones comunitarias de \u00e1mbito local.<\/p>\n<p align=\"JUSTIFY\">&#8211; Promover un nuevo modelo energ\u00e9tico y urbano, que nos permita superar el cambio clim\u00e1tico y la crisis energ\u00e9tica actual. Priorizar el peat\u00f3n, la bicicleta, el tren y el autob\u00fas frente al insostenible sistema de transporte basado en el veh\u00edculo privado. Desarrollar ciudades y pueblos m\u00e1s habitables, saludables y cercanos. Realizar una planificaci\u00f3n del territorio sostenible y participativa, que proteja el medio natural y rural, frenando la construcci\u00f3n de infraestructuras viarias innecesarias.<\/p>\n<p align=\"JUSTIFY\">&#8211; Gravar la vivienda vac\u00eda y paralizar desahucios, para garantizar el derecho b\u00e1sico al techo, frente a la especulaci\u00f3n y la burbuja inmobiliaria. Rehabilitar el parque de viviendas, para acabar con las barreras arquitect\u00f3nicas, impulsar la reducci\u00f3n del consumo energ\u00e9tico y fomentar las energ\u00edas renovables. Fomento de la vivienda p\u00fablica de alquiler con unas rentas que no superen el 30% de los ingresos.<\/p>\n<p align=\"JUSTIFY\">&#8211; Avanzar hacia el objetivo de \u201c0 residuos\u201d a trav\u00e9s de la reducci\u00f3n, la reutilizaci\u00f3n y el reciclaje de los residuos urbanos, impulsando la recogida selectiva en origen y el compostaje de la materia org\u00e1nica. Afrontar el cierre gradual de los vertederos y rechazar la incineraci\u00f3n como m\u00e9todo de tratamiento.<\/p>\n<p align=\"JUSTIFY\">&#8211; Promover la generaci\u00f3n p\u00fablica de electricidad por los municipios a partir de las fuentes renovables de energ\u00eda y fomentar el autoconsumo dom\u00e9stico generado con peque\u00f1as instalaciones.<\/p>\n<p align=\"JUSTIFY\">&#8211; Reforzar las pol\u00edticas de igualdad real y efectiva y los planes de lucha contra la violencia machista de manera integral. Impulsar pol\u00edticas contra la homofobia y la transfobia.<\/p>\n<p align=\"JUSTIFY\">-Promover una sociedad intercultural e inclusiva que impulse la lucha contra la xenofobia.<\/p>\n<p align=\"JUSTIFY\">&#8211; Trabajar en pol\u00edticas espec\u00edficas para las personas j\u00f3venes, en los \u00e1mbitos del empleo, la vivienda, la educaci\u00f3n, el ocio y la participaci\u00f3n. Desarrollar planes municipales y forales de inserci\u00f3n sociolaboral para las y los j\u00f3venes residentes, y de retorno para migrados.<\/p>\n<p align=\"JUSTIFY\">&#8211; Considerar el acceso a la cultura y al deporte como un derecho ciudadano. Promover la diversidad cultural y los espacios de libertad creativa, frente a la homogenizaci\u00f3n mercantilista o identitaria. Priorizar instalaciones deportivas p\u00fablicas y al aire libre, de uso gratuito. No subvencionar el deporte profesional.<\/p>\n<p align=\"JUSTIFY\">&#8211; Fomento del euskera a trav\u00e9s de planes de difusi\u00f3n basados en la gratuidad del aprendizaje, as\u00ed como en la ampliaci\u00f3n de los espacios para su uso, apostando por medidas inclusivas, adecuando los porcentajes en los perfiles ling\u00fc\u00edsticos a la realidad socioling\u00fc\u00edstica local.<\/p>\n<p align=\"JUSTIFY\">&#8211; Trabajar activamente en pro del respeto hacia los animales, y por la supresi\u00f3n de la financiaci\u00f3n p\u00fablica de la tauromaquia y de otros espect\u00e1culos en los que se maltraten animales.<\/p>\n<p align=\"JUSTIFY\">&#8211; Desarrollar en nuestros pueblos y ciudades una convivencia y una \u00e9tica basadas en el respeto de todos los derechos humanos y en una memoria democr\u00e1tica deslegitimadora de la violencia, apoyando localmente el desarrollo de la Ley de Memoria Hist\u00f3rica y experiencias ciudadanas restaurativas en la l\u00ednea de las desarrolladas en Glencree y Nanclares.<\/p>\n<p align=\"JUSTIFY\">&#8211; Solidaridad internacionalista contra la pobreza y la desigualdad, cumpliendo con el 1% de la cooperaci\u00f3n al desarrollo.<\/p>\n","protected":false},"excerpt":{"rendered":"<p>Queremos una sociedad donde podamos desarrollar nuestras vidas con dignidad, de manera m\u00e1s libre e igualitaria. Sin embargo en los \u00faltimos a\u00f1os padecemos unas pol\u00edticas que acrecientan el sufrimiento y la injusticia social, y esto est\u00e1 sucediendo, con muy pocas diferencias, en instituciones gobernadas por los partidos mayoritarios. Las organizaciones abajo firmantes creemos que existen [&hellip;]<\/p>\n","protected":false},"author":1,"featured_media":0,"parent":0,"menu_order":0,"comment_status":"open","ping_status":"closed","template":"","meta":{"_et_pb_use_builder":"","_et_pb_old_content":"","_et_gb_content_width":"","jetpack_post_was_ever_published":false,"footnotes":""},"class_list":["post-18","page","type-page","status-publish","hentry"],"aioseo_notices":[],"jetpack_sharing_enabled":true,"jetpack_shortlink":"https:\/\/wp.me\/P5KinQ-i","jetpack_likes_enabled":false,"jetpack-related-posts":[],"_links":{"self":[{"href":"https:\/\/ordizia.net\/eu\/wp-json\/wp\/v2\/pages\/18","targetHints":{"allow":["GET"]}}],"collection":[{"href":"https:\/\/ordizia.net\/eu\/wp-json\/wp\/v2\/pages"}],"about":[{"href":"https:\/\/ordizia.net\/eu\/wp-json\/wp\/v2\/types\/page"}],"author":[{"embeddable":true,"href":"https:\/\/ordizia.net\/eu\/wp-json\/wp\/v2\/users\/1"}],"replies":[{"embeddable":true,"href":"https:\/\/ordizia.net\/eu\/wp-json\/wp\/v2\/comments?post=18"}],"version-history":[{"count":1,"href":"https:\/\/ordizia.net\/eu\/wp-json\/wp\/v2\/pages\/18\/revisions"}],"predecessor-version":[{"id":19,"href":"https:\/\/ordizia.net\/eu\/wp-json\/wp\/v2\/pages\/18\/revisions\/19"}],"wp:attachment":[{"href":"https:\/\/ordizia.net\/eu\/wp-json\/wp\/v2\/media?parent=18"}],"curies":[{"name":"wp","href":"https:\/\/api.w.org\/{rel}","templated":true}]}}